{"id":219,"date":"2025-01-16T16:38:35","date_gmt":"2025-01-16T15:38:35","guid":{"rendered":"https:\/\/www.location-morbihan.com\/?page_id=219"},"modified":"2025-01-16T16:49:55","modified_gmt":"2025-01-16T15:49:55","slug":"mentions-legales","status":"publish","type":"page","link":"https:\/\/www.location-morbihan.com\/index.php\/mentions-legales\/","title":{"rendered":"Mentions l\u00e9gales"},"content":{"rendered":"\t\t<div data-elementor-type=\"wp-page\" data-elementor-id=\"219\" class=\"elementor elementor-219\" data-elementor-post-type=\"page\">\n\t\t\t\t<div class=\"elementor-element elementor-element-83f419e e-flex e-con-boxed e-con e-parent\" data-id=\"83f419e\" data-element_type=\"container\" data-e-type=\"container\" data-settings=\"{&quot;background_background&quot;:&quot;classic&quot;}\">\n\t\t\t\t\t<div class=\"e-con-inner\">\n\t\t\t\t<div class=\"elementor-element elementor-element-ab79094 elementor-widget elementor-widget-text-editor\" data-id=\"ab79094\" data-element_type=\"widget\" data-e-type=\"widget\" data-widget_type=\"text-editor.default\">\n\t\t\t\t<div class=\"elementor-widget-container\">\n\t\t\t\t\t\t\t\t\t<h1>Mentions l\u00e9gales<\/h1><p>En vigueur au 01\/01\/2025<\/p><p>\u00a0<\/p><p>Conform\u00e9ment aux dispositions des Articles 6-III et 19 de la Loi n\u00b02004-575 du 21 juin 2004 pour la Confiance dans l\u2019\u00e9conomie num\u00e9rique, dite L.C.E.N., il est port\u00e9 \u00e0 la connaissance des utilisateurs et visiteurs, ci-apr\u00e8s l\u00a0\u00bb\u00a0\u00bb<strong>Utilisateur<\/strong>\u00ab\u00a0, du site https:\/\/www.groom-conciergerie.fr , ci-apr\u00e8s le \u00ab\u00a0<strong>Site<\/strong>\u00ab\u00a0, les pr\u00e9sentes mentions l\u00e9gales.<\/p><p>La connexion et la navigation sur le Site par l\u2019Utilisateur implique acceptation int\u00e9grale et sans r\u00e9serve des pr\u00e9sentes mentions l\u00e9gales.<\/p><p>Ces derni\u00e8res sont accessibles sur le Site \u00e0 la rubrique \u00ab Mentions l\u00e9gales \u00bb.<\/p><p>\u00a0<\/p><h2>ARTICLE 1 \u2013 L\u2019EDITEUR<\/h2><p>L\u2019\u00e9dition du Site est assur\u00e9e par NECTAR &amp; AMBROISIE SARL au capital de 117000 euros, immatricul\u00e9e au Registre du Commerce et des Soci\u00e9t\u00e9s de LORIENT sous le num\u00e9ro 838011096 dont le si\u00e8ge social est situ\u00e9 au 1 RUE HONOR\u00c9 D\u2019ESTIENNES D\u2019ORVES,<\/p><p>Num\u00e9ro de t\u00e9l\u00e9phone 0610102030,<\/p><p>Adresse e-mail : christophe@nectar-ambroisie.fr.<\/p><p>N\u00b0 de TVA intracommunautaire : FR07838011096<\/p><p>Le Directeur de la publication est Christophe GUYADER<\/p><p>ci-apr\u00e8s l&rsquo;\u00a0\u00bb<strong>Editeur<\/strong>\u00ab\u00a0.<\/p><p>\u00a0<\/p><h2>ARTICLE 2 \u2013 L\u2019HEBERGEUR\u00a0<\/h2><p>L\u2019h\u00e9bergeur du Site est la soci\u00e9t\u00e9 OVH SAS, dont le si\u00e8ge social est situ\u00e9 au 2 rue Kellermann \u2013 59100 Roubaix \u2013 France ,\u00a0<strong>av<\/strong><strong>ec le num\u00e9ro de t\u00e9l\u00e9phone : 1007.<\/strong><\/p><p><strong>\u00a0<\/strong><\/p><h2>ARTICLE 3 \u2013 ACCES AU SITE<\/h2><p>Le Site est accessible en tout endroit, 7j\/7, 24h\/24 sauf cas de force majeure, interruption programm\u00e9e ou non et pouvant d\u00e9coulant d\u2019une n\u00e9cessit\u00e9 de maintenance.<\/p><p>En cas de modification, interruption ou suspension du Site, l\u2019Editeur ne saurait \u00eatre tenu responsable.<\/p><p>\u00a0<\/p><h2>ARTICLE 4 \u2013 COLLECTE DES DONNEES<\/h2><p>Le Site assure \u00e0 l\u2019Utilisateur une collecte et un traitement d\u2019informations personnelles dans le respect de la vie priv\u00e9e conform\u00e9ment \u00e0 la loi n\u00b078-17 du 6 janvier 1978 relative \u00e0 l\u2019informatique, aux fichiers et aux libert\u00e9s.<\/p><p>En vertu de la loi Informatique et Libert\u00e9s, en date du 6 janvier 1978, l\u2019Utilisateur dispose d\u2019un droit d\u2019acc\u00e8s, de rectification, de suppression et d\u2019opposition de ses donn\u00e9es personnelles. L\u2019Utilisateur exerce ce droit :<\/p><p>par mail \u00e0 l\u2019adresse email contact@groom-conciergerie.fr<\/p><p>via un formulaire de contact ;<\/p><p>Toute utilisation, reproduction, diffusion, commercialisation, modification de toute ou partie du Site, sans autorisation de l\u2019Editeur est prohib\u00e9e et pourra entra\u00een\u00e9e des actions et poursuites judiciaires telles que notamment pr\u00e9vues par le Code de la propri\u00e9t\u00e9 intellectuelle et le Code civil.<\/p>\t\t\t\t\t\t\t\t<\/div>\n\t\t\t\t<\/div>\n\t\t\t\t\t<\/div>\n\t\t\t\t<\/div>\n\t\t\t\t<\/div>\n\t\t","protected":false},"excerpt":{"rendered":"<p>Mentions l\u00e9gales En vigueur au 01\/01\/2025 \u00a0 Conform\u00e9ment aux dispositions des Articles 6-III et 19 de la Loi n\u00b02004-575 du 21 juin 2004 pour la Confiance dans l\u2019\u00e9conomie num\u00e9rique, dite L.C.E.N., il est port\u00e9 \u00e0 la connaissance des utilisateurs et visiteurs, ci-apr\u00e8s l\u00a0\u00bb\u00a0\u00bbUtilisateur\u00ab\u00a0, du site https:\/\/www.groom-conciergerie.fr , ci-apr\u00e8s le \u00ab\u00a0Site\u00ab\u00a0, les pr\u00e9sentes mentions l\u00e9gales. La [&hellip;]<\/p>\n","protected":false},"author":1,"featured_media":0,"parent":0,"menu_order":0,"comment_status":"closed","ping_status":"closed","template":"","meta":{"footnotes":""},"class_list":["post-219","page","type-page","status-publish","hentry"],"yoast_head":"<!-- This site is optimized with the Yoast SEO plugin v27.4 - https:\/\/yoast.com\/product\/yoast-seo-wordpress\/ -->\n<title>Mentions l\u00e9gales - Location Morbihan - Groom Conciergerie<\/title>\n<meta name=\"robots\" content=\"index, follow, max-snippet:-1, max-image-preview:large, max-video-preview:-1\" \/>\n<link rel=\"canonical\" href=\"https:\/\/www.location-morbihan.com\/index.php\/mentions-legales\/\" \/>\n<meta property=\"og:locale\" content=\"fr_FR\" \/>\n<meta property=\"og:type\" content=\"article\" \/>\n<meta property=\"og:title\" content=\"Mentions l\u00e9gales - Location Morbihan - Groom Conciergerie\" \/>\n<meta property=\"og:description\" content=\"Mentions l\u00e9gales En vigueur au 01\/01\/2025 \u00a0 Conform\u00e9ment aux dispositions des Articles 6-III et 19 de la Loi n\u00b02004-575 du 21 juin 2004 pour la Confiance dans l\u2019\u00e9conomie num\u00e9rique, dite L.C.E.N., il est port\u00e9 \u00e0 la connaissance des utilisateurs et visiteurs, ci-apr\u00e8s l\u00a0\u00bb\u00a0\u00bbUtilisateur\u00ab\u00a0, du site https:\/\/www.groom-conciergerie.fr , ci-apr\u00e8s le \u00ab\u00a0Site\u00ab\u00a0, les pr\u00e9sentes mentions l\u00e9gales. La [&hellip;]\" \/>\n<meta property=\"og:url\" content=\"https:\/\/www.location-morbihan.com\/index.php\/mentions-legales\/\" \/>\n<meta property=\"og:site_name\" content=\"Location Morbihan - Groom Conciergerie\" \/>\n<meta property=\"article:publisher\" content=\"https:\/\/www.facebook.com\/GroomConciergerie\/\" \/>\n<meta property=\"article:modified_time\" content=\"2025-01-16T15:49:55+00:00\" \/>\n<meta name=\"twitter:card\" content=\"summary_large_image\" \/>\n<meta name=\"twitter:label1\" content=\"Dur\u00e9e de lecture estim\u00e9e\" \/>\n\t<meta name=\"twitter:data1\" content=\"2 minutes\" \/>\n<script type=\"application\/ld+json\" class=\"yoast-schema-graph\">{\"@context\":\"https:\\\/\\\/schema.org\",\"@graph\":[{\"@type\":\"WebPage\",\"@id\":\"https:\\\/\\\/www.location-morbihan.com\\\/index.php\\\/mentions-legales\\\/\",\"url\":\"https:\\\/\\\/www.location-morbihan.com\\\/index.php\\\/mentions-legales\\\/\",\"name\":\"Mentions l\u00e9gales - Location Morbihan - Groom Conciergerie\",\"isPartOf\":{\"@id\":\"https:\\\/\\\/www.location-morbihan.com\\\/#website\"},\"datePublished\":\"2025-01-16T15:38:35+00:00\",\"dateModified\":\"2025-01-16T15:49:55+00:00\",\"breadcrumb\":{\"@id\":\"https:\\\/\\\/www.location-morbihan.com\\\/index.php\\\/mentions-legales\\\/#breadcrumb\"},\"inLanguage\":\"fr-FR\",\"potentialAction\":[{\"@type\":\"ReadAction\",\"target\":[\"https:\\\/\\\/www.location-morbihan.com\\\/index.php\\\/mentions-legales\\\/\"]}]},{\"@type\":\"BreadcrumbList\",\"@id\":\"https:\\\/\\\/www.location-morbihan.com\\\/index.php\\\/mentions-legales\\\/#breadcrumb\",\"itemListElement\":[{\"@type\":\"ListItem\",\"position\":1,\"name\":\"Accueil\",\"item\":\"https:\\\/\\\/www.location-morbihan.com\\\/\"},{\"@type\":\"ListItem\",\"position\":2,\"name\":\"Mentions l\u00e9gales\"}]},{\"@type\":\"WebSite\",\"@id\":\"https:\\\/\\\/www.location-morbihan.com\\\/#website\",\"url\":\"https:\\\/\\\/www.location-morbihan.com\\\/\",\"name\":\"Location Morbihan - Groom Conciergerie\",\"description\":\"R\u00e9servez votre location courte dur\u00e9e dans le Morbihan au meilleur prix\",\"publisher\":{\"@id\":\"https:\\\/\\\/www.location-morbihan.com\\\/#organization\"},\"potentialAction\":[{\"@type\":\"SearchAction\",\"target\":{\"@type\":\"EntryPoint\",\"urlTemplate\":\"https:\\\/\\\/www.location-morbihan.com\\\/?s={search_term_string}\"},\"query-input\":{\"@type\":\"PropertyValueSpecification\",\"valueRequired\":true,\"valueName\":\"search_term_string\"}}],\"inLanguage\":\"fr-FR\"},{\"@type\":\"Organization\",\"@id\":\"https:\\\/\\\/www.location-morbihan.com\\\/#organization\",\"name\":\"Groom Conciergerie\",\"url\":\"https:\\\/\\\/www.location-morbihan.com\\\/\",\"logo\":{\"@type\":\"ImageObject\",\"inLanguage\":\"fr-FR\",\"@id\":\"https:\\\/\\\/www.location-morbihan.com\\\/#\\\/schema\\\/logo\\\/image\\\/\",\"url\":\"https:\\\/\\\/www.location-morbihan.com\\\/wp-content\\\/uploads\\\/2024\\\/11\\\/Groom_logo_bleuorange_BL.png\",\"contentUrl\":\"https:\\\/\\\/www.location-morbihan.com\\\/wp-content\\\/uploads\\\/2024\\\/11\\\/Groom_logo_bleuorange_BL.png\",\"width\":1314,\"height\":623,\"caption\":\"Groom Conciergerie\"},\"image\":{\"@id\":\"https:\\\/\\\/www.location-morbihan.com\\\/#\\\/schema\\\/logo\\\/image\\\/\"},\"sameAs\":[\"https:\\\/\\\/www.facebook.com\\\/GroomConciergerie\\\/\"]}]}<\/script>\n<!-- \/ Yoast SEO plugin. -->","yoast_head_json":{"title":"Mentions l\u00e9gales - Location Morbihan - Groom Conciergerie","robots":{"index":"index","follow":"follow","max-snippet":"max-snippet:-1","max-image-preview":"max-image-preview:large","max-video-preview":"max-video-preview:-1"},"canonical":"https:\/\/www.location-morbihan.com\/index.php\/mentions-legales\/","og_locale":"fr_FR","og_type":"article","og_title":"Mentions l\u00e9gales - Location Morbihan - Groom Conciergerie","og_description":"Mentions l\u00e9gales En vigueur au 01\/01\/2025 \u00a0 Conform\u00e9ment aux dispositions des Articles 6-III et 19 de la Loi n\u00b02004-575 du 21 juin 2004 pour la Confiance dans l\u2019\u00e9conomie num\u00e9rique, dite L.C.E.N., il est port\u00e9 \u00e0 la connaissance des utilisateurs et visiteurs, ci-apr\u00e8s l\u00a0\u00bb\u00a0\u00bbUtilisateur\u00ab\u00a0, du site https:\/\/www.groom-conciergerie.fr , ci-apr\u00e8s le \u00ab\u00a0Site\u00ab\u00a0, les pr\u00e9sentes mentions l\u00e9gales. La [&hellip;]","og_url":"https:\/\/www.location-morbihan.com\/index.php\/mentions-legales\/","og_site_name":"Location Morbihan - Groom Conciergerie","article_publisher":"https:\/\/www.facebook.com\/GroomConciergerie\/","article_modified_time":"2025-01-16T15:49:55+00:00","twitter_card":"summary_large_image","twitter_misc":{"Dur\u00e9e de lecture estim\u00e9e":"2 minutes"},"schema":{"@context":"https:\/\/schema.org","@graph":[{"@type":"WebPage","@id":"https:\/\/www.location-morbihan.com\/index.php\/mentions-legales\/","url":"https:\/\/www.location-morbihan.com\/index.php\/mentions-legales\/","name":"Mentions l\u00e9gales - Location Morbihan - Groom Conciergerie","isPartOf":{"@id":"https:\/\/www.location-morbihan.com\/#website"},"datePublished":"2025-01-16T15:38:35+00:00","dateModified":"2025-01-16T15:49:55+00:00","breadcrumb":{"@id":"https:\/\/www.location-morbihan.com\/index.php\/mentions-legales\/#breadcrumb"},"inLanguage":"fr-FR","potentialAction":[{"@type":"ReadAction","target":["https:\/\/www.location-morbihan.com\/index.php\/mentions-legales\/"]}]},{"@type":"BreadcrumbList","@id":"https:\/\/www.location-morbihan.com\/index.php\/mentions-legales\/#breadcrumb","itemListElement":[{"@type":"ListItem","position":1,"name":"Accueil","item":"https:\/\/www.location-morbihan.com\/"},{"@type":"ListItem","position":2,"name":"Mentions l\u00e9gales"}]},{"@type":"WebSite","@id":"https:\/\/www.location-morbihan.com\/#website","url":"https:\/\/www.location-morbihan.com\/","name":"Location Morbihan - Groom Conciergerie","description":"R\u00e9servez votre location courte dur\u00e9e dans le Morbihan au meilleur prix","publisher":{"@id":"https:\/\/www.location-morbihan.com\/#organization"},"potentialAction":[{"@type":"SearchAction","target":{"@type":"EntryPoint","urlTemplate":"https:\/\/www.location-morbihan.com\/?s={search_term_string}"},"query-input":{"@type":"PropertyValueSpecification","valueRequired":true,"valueName":"search_term_string"}}],"inLanguage":"fr-FR"},{"@type":"Organization","@id":"https:\/\/www.location-morbihan.com\/#organization","name":"Groom Conciergerie","url":"https:\/\/www.location-morbihan.com\/","logo":{"@type":"ImageObject","inLanguage":"fr-FR","@id":"https:\/\/www.location-morbihan.com\/#\/schema\/logo\/image\/","url":"https:\/\/www.location-morbihan.com\/wp-content\/uploads\/2024\/11\/Groom_logo_bleuorange_BL.png","contentUrl":"https:\/\/www.location-morbihan.com\/wp-content\/uploads\/2024\/11\/Groom_logo_bleuorange_BL.png","width":1314,"height":623,"caption":"Groom Conciergerie"},"image":{"@id":"https:\/\/www.location-morbihan.com\/#\/schema\/logo\/image\/"},"sameAs":["https:\/\/www.facebook.com\/GroomConciergerie\/"]}]}},"_links":{"self":[{"href":"https:\/\/www.location-morbihan.com\/index.php\/wp-json\/wp\/v2\/pages\/219","targetHints":{"allow":["GET"]}}],"collection":[{"href":"https:\/\/www.location-morbihan.com\/index.php\/wp-json\/wp\/v2\/pages"}],"about":[{"href":"https:\/\/www.location-morbihan.com\/index.php\/wp-json\/wp\/v2\/types\/page"}],"author":[{"embeddable":true,"href":"https:\/\/www.location-morbihan.com\/index.php\/wp-json\/wp\/v2\/users\/1"}],"replies":[{"embeddable":true,"href":"https:\/\/www.location-morbihan.com\/index.php\/wp-json\/wp\/v2\/comments?post=219"}],"version-history":[{"count":10,"href":"https:\/\/www.location-morbihan.com\/index.php\/wp-json\/wp\/v2\/pages\/219\/revisions"}],"predecessor-version":[{"id":235,"href":"https:\/\/www.location-morbihan.com\/index.php\/wp-json\/wp\/v2\/pages\/219\/revisions\/235"}],"wp:attachment":[{"href":"https:\/\/www.location-morbihan.com\/index.php\/wp-json\/wp\/v2\/media?parent=219"}],"curies":[{"name":"wp","href":"https:\/\/api.w.org\/{rel}","templated":true}]}}